{"id":1947,"date":"2021-06-08T22:58:34","date_gmt":"2021-06-08T20:58:34","guid":{"rendered":"http:\/\/somaticlandscape.com\/?page_id=1947"},"modified":"2021-12-22T12:09:48","modified_gmt":"2021-12-22T11:09:48","slug":"board-games","status":"publish","type":"page","link":"https:\/\/somaticlandscape.com\/index.php\/board-games\/","title":{"rendered":"Board games"},"content":{"rendered":"\t\t<div data-elementor-type=\"wp-page\" data-elementor-id=\"1947\" class=\"elementor elementor-1947\" data-elementor-settings=\"[]\">\n\t\t\t\t\t\t\t<div class=\"elementor-section-wrap\">\n\t\t\t\t\t\t\t<section class=\"elementor-section elementor-top-section elementor-element elementor-element-56c0c22a elementor-section-content-middle elementor-section-boxed elementor-section-height-default elementor-section-height-default\" data-id=\"56c0c22a\" data-element_type=\"section\">\n\t\t\t\t\t\t<div class=\"elementor-container elementor-column-gap-no\">\n\t\t\t\t\t<div class=\"elementor-column elementor-col-50 elementor-top-column elementor-element elementor-element-44419f0\" data-id=\"44419f0\" data-element_type=\"column\">\n\t\t\t<div class=\"elementor-widget-wrap elementor-element-populated\">\n\t\t\t\t\t\t\t\t<div class=\"elementor-element elementor-element-332dc4ac elementor-widget elementor-widget-heading\" data-id=\"332dc4ac\" data-element_type=\"widget\" data-widget_type=\"heading.default\">\n\t\t\t\t<div class=\"elementor-widget-container\">\n\t\t\t<h4 class=\"elementor-heading-title elementor-size-default\">mouraria board game<\/h4>\t\t<\/div>\n\t\t\t\t<\/div>\n\t\t\t\t<div class=\"elementor-element elementor-element-35afb235 elementor-widget elementor-widget-text-editor\" data-id=\"35afb235\" data-element_type=\"widget\" data-widget_type=\"text-editor.default\">\n\t\t\t\t<div class=\"elementor-widget-container\">\n\t\t\t\t\t\t\t\t<p>Video &#8220;The Game of the Neighbourhood: Exploratory sensorial journey to Mouraria district&#8221; (5&#8242;,06&#8221;). Audiovisual registering of Legacies Laboratory, day 21 and 23rd November 2017. Game conception, design and production: Ana Moya. Camera Assistant: Khaled Berdi. Camera and video editing: Ana Moya. Music: Para\u00edso by Diogo Pi\u00e7arra (Cover by Jo\u00e3o Caleira).\u00a0<\/p>\t\t\t\t\t\t<\/div>\n\t\t\t\t<\/div>\n\t\t\t\t\t<\/div>\n\t\t<\/div>\n\t\t\t\t<div class=\"elementor-column elementor-col-50 elementor-top-column elementor-element elementor-element-64ef83db\" data-id=\"64ef83db\" data-element_type=\"column\">\n\t\t\t<div class=\"elementor-widget-wrap elementor-element-populated\">\n\t\t\t\t\t\t\t\t<div class=\"elementor-element elementor-element-335d3cb0 elementor-aspect-ratio-169 elementor-widget elementor-widget-video\" data-id=\"335d3cb0\" data-element_type=\"widget\" data-settings=\"{&quot;youtube_url&quot;:&quot;https:\\\/\\\/youtu.be\\\/d-VG1hPgyNA&quot;,&quot;start&quot;:61,&quot;end&quot;:127,&quot;autoplay&quot;:&quot;yes&quot;,&quot;mute&quot;:&quot;yes&quot;,&quot;loop&quot;:&quot;yes&quot;,&quot;play_on_mobile&quot;:&quot;yes&quot;,&quot;video_type&quot;:&quot;youtube&quot;,&quot;controls&quot;:&quot;yes&quot;,&quot;aspect_ratio&quot;:&quot;169&quot;}\" data-widget_type=\"video.default\">\n\t\t\t\t<div class=\"elementor-widget-container\">\n\t\t\t\t\t<div class=\"elementor-wrapper elementor-fit-aspect-ratio elementor-open-inline\">\n\t\t\t<div class=\"elementor-video\"><\/div>\t\t<\/div>\n\t\t\t\t<\/div>\n\t\t\t\t<\/div>\n\t\t\t\t\t<\/div>\n\t\t<\/div>\n\t\t\t\t\t\t\t<\/div>\n\t\t<\/section>\n\t\t\t\t<section class=\"elementor-section elementor-top-section elementor-element elementor-element-3920510e elementor-section-content-middle elementor-section-boxed elementor-section-height-default elementor-section-height-default\" data-id=\"3920510e\" data-element_type=\"section\">\n\t\t\t\t\t\t<div class=\"elementor-container elementor-column-gap-no\">\n\t\t\t\t\t<div class=\"elementor-column elementor-col-33 elementor-top-column elementor-element elementor-element-3b042c56\" data-id=\"3b042c56\" data-element_type=\"column\">\n\t\t\t<div class=\"elementor-widget-wrap elementor-element-populated\">\n\t\t\t\t\t\t\t\t<div class=\"elementor-element elementor-element-767b830d elementor-widget elementor-widget-text-editor\" data-id=\"767b830d\" data-element_type=\"widget\" data-widget_type=\"text-editor.default\">\n\t\t\t\t<div class=\"elementor-widget-container\">\n\t\t\t\t\t\t\t\t<p>ARTISTIC PRODUCTION<\/p>\t\t\t\t\t\t<\/div>\n\t\t\t\t<\/div>\n\t\t\t\t<div class=\"elementor-element elementor-element-9d85add elementor-widget elementor-widget-heading\" data-id=\"9d85add\" data-element_type=\"widget\" data-widget_type=\"heading.default\">\n\t\t\t\t<div class=\"elementor-widget-container\">\n\t\t\t<h3 class=\"elementor-heading-title elementor-size-default\">game playing and plastic arts<\/h3>\t\t<\/div>\n\t\t\t\t<\/div>\n\t\t\t\t<div class=\"elementor-element elementor-element-7001177b elementor-widget elementor-widget-image\" data-id=\"7001177b\" data-element_type=\"widget\" data-widget_type=\"image.default\">\n\t\t\t\t<div class=\"elementor-widget-container\">\n\t\t\t\t\t\t\t\t\t\t\t\t<figure class=\"wp-caption\">\n\t\t\t\t\t\t\t\t\t\t\t<a href=\"http:\/\/somaticlandscape.com\/index.php\/info-board-games\/\" target=\"_blank\">\n\t\t\t\t\t\t\t<img width=\"600\" height=\"700\" src=\"https:\/\/somaticlandscape.com\/wp-content\/uploads\/2021\/12\/Pic1.jpg\" class=\"elementor-animation-grow attachment-large size-large\" alt=\"\" loading=\"lazy\" srcset=\"https:\/\/somaticlandscape.com\/wp-content\/uploads\/2021\/12\/Pic1.jpg 600w, https:\/\/somaticlandscape.com\/wp-content\/uploads\/2021\/12\/Pic1-257x300.jpg 257w\" sizes=\"(max-width: 600px) 100vw, 600px\" \/>\t\t\t\t\t\t\t\t<\/a>\n\t\t\t\t\t\t\t\t\t\t\t<figcaption class=\"widget-image-caption wp-caption-text\">SENSORIAL MEMORY SESSION<\/figcaption>\n\t\t\t\t\t\t\t\t\t\t<\/figure>\n\t\t\t\t\t\t\t\t\t<\/div>\n\t\t\t\t<\/div>\n\t\t\t\t\t<\/div>\n\t\t<\/div>\n\t\t\t\t<div class=\"elementor-column elementor-col-33 elementor-top-column elementor-element elementor-element-5329e943\" data-id=\"5329e943\" data-element_type=\"column\">\n\t\t\t<div class=\"elementor-widget-wrap elementor-element-populated\">\n\t\t\t\t\t\t\t\t<div class=\"elementor-element elementor-element-460fce31 elementor-widget elementor-widget-image\" data-id=\"460fce31\" data-element_type=\"widget\" data-widget_type=\"image.default\">\n\t\t\t\t<div class=\"elementor-widget-container\">\n\t\t\t\t\t\t\t\t\t\t\t\t<figure class=\"wp-caption\">\n\t\t\t\t\t\t\t\t\t\t\t<a href=\"http:\/\/somaticlandscape.com\/index.php\/info-board-games\/\">\n\t\t\t\t\t\t\t<img width=\"600\" height=\"700\" src=\"https:\/\/somaticlandscape.com\/wp-content\/uploads\/2021\/12\/Pic7.jpg\" class=\"elementor-animation-grow attachment-large size-large\" alt=\"\" loading=\"lazy\" srcset=\"https:\/\/somaticlandscape.com\/wp-content\/uploads\/2021\/12\/Pic7.jpg 600w, https:\/\/somaticlandscape.com\/wp-content\/uploads\/2021\/12\/Pic7-257x300.jpg 257w\" sizes=\"(max-width: 600px) 100vw, 600px\" \/>\t\t\t\t\t\t\t\t<\/a>\n\t\t\t\t\t\t\t\t\t\t\t<figcaption class=\"widget-image-caption wp-caption-text\">NARRATIVE VISUAL COLLAGES - BOOK<\/figcaption>\n\t\t\t\t\t\t\t\t\t\t<\/figure>\n\t\t\t\t\t\t\t\t\t<\/div>\n\t\t\t\t<\/div>\n\t\t\t\t<div class=\"elementor-element elementor-element-40489803 elementor-widget elementor-widget-text-editor\" data-id=\"40489803\" data-element_type=\"widget\" data-widget_type=\"text-editor.default\">\n\t\t\t\t<div class=\"elementor-widget-container\">\n\t\t\t\t\t\t\t\t<p><strong>Sharing sensorial memories and <\/strong><strong>stories: <\/strong>through interactive game playing . M<b>ultisensorial memories:<\/b> translating experiences through narrative visual collages.<\/p>\t\t\t\t\t\t<\/div>\n\t\t\t\t<\/div>\n\t\t\t\t\t<\/div>\n\t\t<\/div>\n\t\t\t\t<div class=\"elementor-column elementor-col-33 elementor-top-column elementor-element elementor-element-198e4760\" data-id=\"198e4760\" data-element_type=\"column\">\n\t\t\t<div class=\"elementor-widget-wrap elementor-element-populated\">\n\t\t\t\t\t\t\t\t<div class=\"elementor-element elementor-element-5a067386 elementor-widget elementor-widget-image\" data-id=\"5a067386\" data-element_type=\"widget\" data-widget_type=\"image.default\">\n\t\t\t\t<div class=\"elementor-widget-container\">\n\t\t\t\t\t\t\t\t\t\t\t\t<figure class=\"wp-caption\">\n\t\t\t\t\t\t\t\t\t\t\t<a href=\"http:\/\/somaticlandscape.com\/index.php\/info-board-games\/\" target=\"_blank\">\n\t\t\t\t\t\t\t<img width=\"600\" height=\"700\" src=\"https:\/\/somaticlandscape.com\/wp-content\/uploads\/2021\/12\/Pic4.jpg\" class=\"elementor-animation-grow attachment-full size-full\" alt=\"\" loading=\"lazy\" srcset=\"https:\/\/somaticlandscape.com\/wp-content\/uploads\/2021\/12\/Pic4.jpg 600w, https:\/\/somaticlandscape.com\/wp-content\/uploads\/2021\/12\/Pic4-257x300.jpg 257w\" sizes=\"(max-width: 600px) 100vw, 600px\" \/>\t\t\t\t\t\t\t\t<\/a>\n\t\t\t\t\t\t\t\t\t\t\t<figcaption class=\"widget-image-caption wp-caption-text\">NARRATIVE VISUAL COLLAGES SESSION<\/figcaption>\n\t\t\t\t\t\t\t\t\t\t<\/figure>\n\t\t\t\t\t\t\t\t\t<\/div>\n\t\t\t\t<\/div>\n\t\t\t\t\t<\/div>\n\t\t<\/div>\n\t\t\t\t\t\t\t<\/div>\n\t\t<\/section>\n\t\t\t\t<section class=\"elementor-section elementor-top-section elementor-element elementor-element-5a814d79 elementor-section-content-middle elementor-section-boxed elementor-section-height-default elementor-section-height-default\" data-id=\"5a814d79\" data-element_type=\"section\">\n\t\t\t\t\t\t<div class=\"elementor-container elementor-column-gap-no\">\n\t\t\t\t\t<div class=\"elementor-column elementor-col-50 elementor-top-column elementor-element elementor-element-3f2c3616\" data-id=\"3f2c3616\" data-element_type=\"column\">\n\t\t\t<div class=\"elementor-widget-wrap elementor-element-populated\">\n\t\t\t\t\t\t\t\t<div class=\"elementor-element elementor-element-4e4dfe4c elementor-widget elementor-widget-heading\" data-id=\"4e4dfe4c\" data-element_type=\"widget\" data-widget_type=\"heading.default\">\n\t\t\t\t<div class=\"elementor-widget-container\">\n\t\t\t<h4 class=\"elementor-heading-title elementor-size-default\">The game of the neighbourhood, Mouraria, Lisbon<\/h4>\t\t<\/div>\n\t\t\t\t<\/div>\n\t\t\t\t<div class=\"elementor-element elementor-element-5f0aad38 elementor-widget elementor-widget-text-editor\" data-id=\"5f0aad38\" data-element_type=\"widget\" data-widget_type=\"text-editor.default\">\n\t\t\t\t<div class=\"elementor-widget-container\">\n\t\t\t\t\t\t\t\t<p>Game registration at IGAC, Lisbon (General Inspection of Cultural Activities), n.Ref. SIIGAC\/2019\/6488.<\/p><p>Board game for urban exploration with an artistic cartography of the historic district of Mouraria in Lisbon. THE GAME OF THE NEIGHBORHOOD is a board game inspired by classic geographical exploration board games from the 18th and 19th centuries, with its colorful and vibrant graphic boards. More information of the concept of the present game and the new specific and original game rules at the <a href=\"https:\/\/issuu.com\/moya_pellitero\/docs\/o_jogo_do_bairro_documenta_oregistro_ana_moya_pel\" target=\"_blank\" rel=\"noopener\"><strong>game&#8217;s instructions book.<\/strong><\/a><\/p>\t\t\t\t\t\t<\/div>\n\t\t\t\t<\/div>\n\t\t\t\t\t<\/div>\n\t\t<\/div>\n\t\t\t\t<div class=\"elementor-column elementor-col-50 elementor-top-column elementor-element elementor-element-3e6ad1c5\" data-id=\"3e6ad1c5\" data-element_type=\"column\">\n\t\t\t<div class=\"elementor-widget-wrap elementor-element-populated\">\n\t\t\t\t\t\t\t\t<div class=\"elementor-element elementor-element-281692ea elementor-aspect-ratio-169 elementor-widget elementor-widget-video\" data-id=\"281692ea\" data-element_type=\"widget\" data-settings=\"{&quot;youtube_url&quot;:&quot;https:\\\/\\\/youtu.be\\\/d-VG1hPgyNA&quot;,&quot;start&quot;:267,&quot;end&quot;:304,&quot;autoplay&quot;:&quot;yes&quot;,&quot;play_on_mobile&quot;:&quot;yes&quot;,&quot;mute&quot;:&quot;yes&quot;,&quot;loop&quot;:&quot;yes&quot;,&quot;video_type&quot;:&quot;youtube&quot;,&quot;controls&quot;:&quot;yes&quot;,&quot;aspect_ratio&quot;:&quot;169&quot;}\" data-widget_type=\"video.default\">\n\t\t\t\t<div class=\"elementor-widget-container\">\n\t\t\t\t\t<div class=\"elementor-wrapper elementor-fit-aspect-ratio elementor-open-inline\">\n\t\t\t<div class=\"elementor-video\"><\/div>\t\t<\/div>\n\t\t\t\t<\/div>\n\t\t\t\t<\/div>\n\t\t\t\t\t<\/div>\n\t\t<\/div>\n\t\t\t\t\t\t\t<\/div>\n\t\t<\/section>\n\t\t\t\t<section class=\"elementor-section elementor-top-section elementor-element elementor-element-01fe1b2 elementor-section-boxed elementor-section-height-default elementor-section-height-default\" data-id=\"01fe1b2\" data-element_type=\"section\">\n\t\t\t\t\t\t<div class=\"elementor-container elementor-column-gap-default\">\n\t\t\t\t\t<div class=\"elementor-column elementor-col-100 elementor-top-column elementor-element elementor-element-7c2b585\" data-id=\"7c2b585\" data-element_type=\"column\">\n\t\t\t<div class=\"elementor-widget-wrap elementor-element-populated\">\n\t\t\t\t\t\t\t\t<div class=\"elementor-element elementor-element-e7ef553 elementor-widget elementor-widget-spacer\" data-id=\"e7ef553\" data-element_type=\"widget\" data-widget_type=\"spacer.default\">\n\t\t\t\t<div class=\"elementor-widget-container\">\n\t\t\t\t\t<div class=\"elementor-spacer\">\n\t\t\t<div class=\"elementor-spacer-inner\"><\/div>\n\t\t<\/div>\n\t\t\t\t<\/div>\n\t\t\t\t<\/div>\n\t\t\t\t\t<\/div>\n\t\t<\/div>\n\t\t\t\t\t\t\t<\/div>\n\t\t<\/section>\n\t\t\t\t<section class=\"elementor-section elementor-top-section elementor-element elementor-element-4035e16 elementor-section-boxed elementor-section-height-default elementor-section-height-default\" data-id=\"4035e16\" data-element_type=\"section\">\n\t\t\t\t\t\t<div class=\"elementor-container elementor-column-gap-default\">\n\t\t\t\t\t<div class=\"elementor-column elementor-col-50 elementor-top-column elementor-element elementor-element-2f535bb\" data-id=\"2f535bb\" data-element_type=\"column\">\n\t\t\t<div class=\"elementor-widget-wrap elementor-element-populated\">\n\t\t\t\t\t\t\t\t<div class=\"elementor-element elementor-element-668564d elementor-align-left elementor-widget elementor-widget-button\" data-id=\"668564d\" data-element_type=\"widget\" data-widget_type=\"button.default\">\n\t\t\t\t<div class=\"elementor-widget-container\">\n\t\t\t\t\t<div class=\"elementor-button-wrapper\">\n\t\t\t<a href=\"http:\/\/somaticlandscape.com\/index.php\/community-practices\/\" class=\"elementor-button-link elementor-button elementor-size-sm elementor-animation-grow\" role=\"button\">\n\t\t\t\t\t\t<span class=\"elementor-button-content-wrapper\">\n\t\t\t\t\t\t<span class=\"elementor-button-text\">Community practices<\/span>\n\t\t<\/span>\n\t\t\t\t\t<\/a>\n\t\t<\/div>\n\t\t\t\t<\/div>\n\t\t\t\t<\/div>\n\t\t\t\t\t<\/div>\n\t\t<\/div>\n\t\t\t\t<div class=\"elementor-column elementor-col-50 elementor-top-column elementor-element elementor-element-dde2c96\" data-id=\"dde2c96\" data-element_type=\"column\">\n\t\t\t<div class=\"elementor-widget-wrap elementor-element-populated\">\n\t\t\t\t\t\t\t\t<div class=\"elementor-element elementor-element-6f9f359 elementor-align-right elementor-widget elementor-widget-button\" data-id=\"6f9f359\" data-element_type=\"widget\" data-widget_type=\"button.default\">\n\t\t\t\t<div class=\"elementor-widget-container\">\n\t\t\t\t\t<div class=\"elementor-button-wrapper\">\n\t\t\t<a href=\"http:\/\/somaticlandscape.com\/index.php\/legacies\/\" class=\"elementor-button-link elementor-button elementor-size-sm elementor-animation-grow\" role=\"button\">\n\t\t\t\t\t\t<span class=\"elementor-button-content-wrapper\">\n\t\t\t\t\t\t<span class=\"elementor-button-text\">Legacies lab<\/span>\n\t\t<\/span>\n\t\t\t\t\t<\/a>\n\t\t<\/div>\n\t\t\t\t<\/div>\n\t\t\t\t<\/div>\n\t\t\t\t\t<\/div>\n\t\t<\/div>\n\t\t\t\t\t\t\t<\/div>\n\t\t<\/section>\n\t\t\t\t\t\t<\/div>\n\t\t\t\t\t<\/div>\n\t\t","protected":false},"excerpt":{"rendered":"<p>mouraria board game Video &#8220;The Game of the Neighbourhood: Exploratory sensorial journey to Mouraria district&#8221; (5&#8242;,06&#8221;). Audiovisual registering of Legacies Laboratory, day 21 and 23rd November 2017. Game conception, design and production: Ana Moya. Camera Assistant: Khaled Berdi. Camera and video editing: Ana Moya. Music: Para\u00edso by Diogo Pi\u00e7arra (Cover by Jo\u00e3o Caleira).\u00a0 https:\/\/youtu.be\/d-VG1hPgyNA ARTISTIC PRODUCTION game playing and plastic arts SENSORIAL MEMORY SESSION NARRATIVE VISUAL COLLAGES &#8211; BOOK Sharing sensorial memories and stories: through interactive game playing . Multisensorial memories: translating experiences through narrative visual collages. NARRATIVE VISUAL COLLAGES SESSION The game of the neighbourhood, Mouraria, Lisbon Game registration at IGAC, Lisbon (General Inspection of Cultural Activities), n.Ref. SIIGAC\/2019\/6488. Board game for urban exploration with an artistic cartography of the historic district of Mouraria in Lisbon. THE GAME OF THE NEIGHBORHOOD is a board game inspired by classic geographical exploration board games from the 18th and 19th centuries, with its colorful and vibrant graphic boards. More information of the concept of the present game and the new specific and original game rules at the game&#8217;s instructions book. https:\/\/youtu.be\/d-VG1hPgyNA Community practices Legacies lab<\/p>\n","protected":false},"author":1,"featured_media":0,"parent":0,"menu_order":0,"comment_status":"closed","ping_status":"closed","template":"","meta":[],"yoast_head":"<!-- This site is optimized with the Yoast SEO plugin v18.0 - https:\/\/yoast.com\/wordpress\/plugins\/seo\/ -->\n<title>Board games - Somatic Landscape<\/title>\n<meta name=\"robots\" content=\"index, follow, max-snippet:-1, max-image-preview:large, max-video-preview:-1\" \/>\n<link rel=\"canonical\" href=\"https:\/\/somaticlandscape.com\/index.php\/board-games\/\" \/>\n<meta property=\"og:locale\" content=\"en_US\" \/>\n<meta property=\"og:type\" content=\"article\" \/>\n<meta property=\"og:title\" content=\"Board games - Somatic Landscape\" \/>\n<meta property=\"og:description\" content=\"mouraria board game Video &#8220;The Game of the Neighbourhood: Exploratory sensorial journey to Mouraria district&#8221; (5&#8242;,06&#8221;). Audiovisual registering of Legacies Laboratory, day 21 and 23rd November 2017. Game conception, design and production: Ana Moya. Camera Assistant: Khaled Berdi. Camera and video editing: Ana Moya. Music: Para\u00edso by Diogo Pi\u00e7arra (Cover by Jo\u00e3o Caleira).\u00a0 https:\/\/youtu.be\/d-VG1hPgyNA ARTISTIC PRODUCTION game playing and plastic arts SENSORIAL MEMORY SESSION NARRATIVE VISUAL COLLAGES &#8211; BOOK Sharing sensorial memories and stories: through interactive game playing . Multisensorial memories: translating experiences through narrative visual collages. NARRATIVE VISUAL COLLAGES SESSION The game of the neighbourhood, Mouraria, Lisbon Game registration at IGAC, Lisbon (General Inspection of Cultural Activities), n.Ref. SIIGAC\/2019\/6488. Board game for urban exploration with an artistic cartography of the historic district of Mouraria in Lisbon. THE GAME OF THE NEIGHBORHOOD is a board game inspired by classic geographical exploration board games from the 18th and 19th centuries, with its colorful and vibrant graphic boards. More information of the concept of the present game and the new specific and original game rules at the game&#8217;s instructions book. https:\/\/youtu.be\/d-VG1hPgyNA Community practices Legacies lab\" \/>\n<meta property=\"og:url\" content=\"https:\/\/somaticlandscape.com\/index.php\/board-games\/\" \/>\n<meta property=\"og:site_name\" content=\"Somatic Landscape\" \/>\n<meta property=\"article:modified_time\" content=\"2021-12-22T11:09:48+00:00\" \/>\n<meta property=\"og:image\" content=\"http:\/\/somaticlandscape.com\/wp-content\/uploads\/2021\/12\/Pic1.jpg\" \/>\n<meta name=\"twitter:card\" content=\"summary_large_image\" \/>\n<meta name=\"twitter:label1\" content=\"Est. reading time\" \/>\n\t<meta name=\"twitter:data1\" content=\"1 minute\" \/>\n<script type=\"application\/ld+json\" class=\"yoast-schema-graph\">{\"@context\":\"https:\/\/schema.org\",\"@graph\":[{\"@type\":\"WebSite\",\"@id\":\"https:\/\/somaticlandscape.com\/#website\",\"url\":\"https:\/\/somaticlandscape.com\/\",\"name\":\"Somatic Landscape\",\"description\":\"\",\"potentialAction\":[{\"@type\":\"SearchAction\",\"target\":{\"@type\":\"EntryPoint\",\"urlTemplate\":\"https:\/\/somaticlandscape.com\/?s={search_term_string}\"},\"query-input\":\"required name=search_term_string\"}],\"inLanguage\":\"en-US\"},{\"@type\":\"ImageObject\",\"@id\":\"https:\/\/somaticlandscape.com\/index.php\/board-games\/#primaryimage\",\"inLanguage\":\"en-US\",\"url\":\"http:\/\/somaticlandscape.com\/wp-content\/uploads\/2021\/12\/Pic1.jpg\",\"contentUrl\":\"http:\/\/somaticlandscape.com\/wp-content\/uploads\/2021\/12\/Pic1.jpg\"},{\"@type\":\"WebPage\",\"@id\":\"https:\/\/somaticlandscape.com\/index.php\/board-games\/#webpage\",\"url\":\"https:\/\/somaticlandscape.com\/index.php\/board-games\/\",\"name\":\"Board games - Somatic Landscape\",\"isPartOf\":{\"@id\":\"https:\/\/somaticlandscape.com\/#website\"},\"primaryImageOfPage\":{\"@id\":\"https:\/\/somaticlandscape.com\/index.php\/board-games\/#primaryimage\"},\"datePublished\":\"2021-06-08T20:58:34+00:00\",\"dateModified\":\"2021-12-22T11:09:48+00:00\",\"breadcrumb\":{\"@id\":\"https:\/\/somaticlandscape.com\/index.php\/board-games\/#breadcrumb\"},\"inLanguage\":\"en-US\",\"potentialAction\":[{\"@type\":\"ReadAction\",\"target\":[\"https:\/\/somaticlandscape.com\/index.php\/board-games\/\"]}]},{\"@type\":\"BreadcrumbList\",\"@id\":\"https:\/\/somaticlandscape.com\/index.php\/board-games\/#breadcrumb\",\"itemListElement\":[{\"@type\":\"ListItem\",\"position\":1,\"name\":\"Home\",\"item\":\"https:\/\/somaticlandscape.com\/\"},{\"@type\":\"ListItem\",\"position\":2,\"name\":\"Board games\"}]}]}<\/script>\n<!-- \/ Yoast SEO plugin. -->","yoast_head_json":{"title":"Board games - Somatic Landscape","robots":{"index":"index","follow":"follow","max-snippet":"max-snippet:-1","max-image-preview":"max-image-preview:large","max-video-preview":"max-video-preview:-1"},"canonical":"https:\/\/somaticlandscape.com\/index.php\/board-games\/","og_locale":"en_US","og_type":"article","og_title":"Board games - Somatic Landscape","og_description":"mouraria board game Video &#8220;The Game of the Neighbourhood: Exploratory sensorial journey to Mouraria district&#8221; (5&#8242;,06&#8221;). Audiovisual registering of Legacies Laboratory, day 21 and 23rd November 2017. Game conception, design and production: Ana Moya. Camera Assistant: Khaled Berdi. Camera and video editing: Ana Moya. Music: Para\u00edso by Diogo Pi\u00e7arra (Cover by Jo\u00e3o Caleira).\u00a0 https:\/\/youtu.be\/d-VG1hPgyNA ARTISTIC PRODUCTION game playing and plastic arts SENSORIAL MEMORY SESSION NARRATIVE VISUAL COLLAGES &#8211; BOOK Sharing sensorial memories and stories: through interactive game playing . Multisensorial memories: translating experiences through narrative visual collages. NARRATIVE VISUAL COLLAGES SESSION The game of the neighbourhood, Mouraria, Lisbon Game registration at IGAC, Lisbon (General Inspection of Cultural Activities), n.Ref. SIIGAC\/2019\/6488. Board game for urban exploration with an artistic cartography of the historic district of Mouraria in Lisbon. THE GAME OF THE NEIGHBORHOOD is a board game inspired by classic geographical exploration board games from the 18th and 19th centuries, with its colorful and vibrant graphic boards. More information of the concept of the present game and the new specific and original game rules at the game&#8217;s instructions book. https:\/\/youtu.be\/d-VG1hPgyNA Community practices Legacies lab","og_url":"https:\/\/somaticlandscape.com\/index.php\/board-games\/","og_site_name":"Somatic Landscape","article_modified_time":"2021-12-22T11:09:48+00:00","og_image":[{"url":"http:\/\/somaticlandscape.com\/wp-content\/uploads\/2021\/12\/Pic1.jpg"}],"twitter_card":"summary_large_image","twitter_misc":{"Est. reading time":"1 minute"},"schema":{"@context":"https:\/\/schema.org","@graph":[{"@type":"WebSite","@id":"https:\/\/somaticlandscape.com\/#website","url":"https:\/\/somaticlandscape.com\/","name":"Somatic Landscape","description":"","potentialAction":[{"@type":"SearchAction","target":{"@type":"EntryPoint","urlTemplate":"https:\/\/somaticlandscape.com\/?s={search_term_string}"},"query-input":"required name=search_term_string"}],"inLanguage":"en-US"},{"@type":"ImageObject","@id":"https:\/\/somaticlandscape.com\/index.php\/board-games\/#primaryimage","inLanguage":"en-US","url":"http:\/\/somaticlandscape.com\/wp-content\/uploads\/2021\/12\/Pic1.jpg","contentUrl":"http:\/\/somaticlandscape.com\/wp-content\/uploads\/2021\/12\/Pic1.jpg"},{"@type":"WebPage","@id":"https:\/\/somaticlandscape.com\/index.php\/board-games\/#webpage","url":"https:\/\/somaticlandscape.com\/index.php\/board-games\/","name":"Board games - Somatic Landscape","isPartOf":{"@id":"https:\/\/somaticlandscape.com\/#website"},"primaryImageOfPage":{"@id":"https:\/\/somaticlandscape.com\/index.php\/board-games\/#primaryimage"},"datePublished":"2021-06-08T20:58:34+00:00","dateModified":"2021-12-22T11:09:48+00:00","breadcrumb":{"@id":"https:\/\/somaticlandscape.com\/index.php\/board-games\/#breadcrumb"},"inLanguage":"en-US","potentialAction":[{"@type":"ReadAction","target":["https:\/\/somaticlandscape.com\/index.php\/board-games\/"]}]},{"@type":"BreadcrumbList","@id":"https:\/\/somaticlandscape.com\/index.php\/board-games\/#breadcrumb","itemListElement":[{"@type":"ListItem","position":1,"name":"Home","item":"https:\/\/somaticlandscape.com\/"},{"@type":"ListItem","position":2,"name":"Board games"}]}]}},"_links":{"self":[{"href":"https:\/\/somaticlandscape.com\/index.php\/wp-json\/wp\/v2\/pages\/1947"}],"collection":[{"href":"https:\/\/somaticlandscape.com\/index.php\/wp-json\/wp\/v2\/pages"}],"about":[{"href":"https:\/\/somaticlandscape.com\/index.php\/wp-json\/wp\/v2\/types\/page"}],"author":[{"embeddable":true,"href":"https:\/\/somaticlandscape.com\/index.php\/wp-json\/wp\/v2\/users\/1"}],"replies":[{"embeddable":true,"href":"https:\/\/somaticlandscape.com\/index.php\/wp-json\/wp\/v2\/comments?post=1947"}],"version-history":[{"count":0,"href":"https:\/\/somaticlandscape.com\/index.php\/wp-json\/wp\/v2\/pages\/1947\/revisions"}],"wp:attachment":[{"href":"https:\/\/somaticlandscape.com\/index.php\/wp-json\/wp\/v2\/media?parent=1947"}],"curies":[{"name":"wp","href":"https:\/\/api.w.org\/{rel}","templated":true}]}}